{"id":1948,"date":"2024-05-05T08:52:58","date_gmt":"2024-05-05T08:52:58","guid":{"rendered":"https:\/\/rupantorbangladesh.com\/?page_id=1948"},"modified":"2024-08-19T08:51:41","modified_gmt":"2024-08-19T08:51:41","slug":"bobie","status":"publish","type":"page","link":"https:\/\/rupantorbangladesh.com\/de\/bobie\/","title":{"rendered":"Bobie"},"content":{"rendered":"<div data-elementor-type=\"wp-page\" data-elementor-id=\"1948\" class=\"elementor elementor-1948\">\n\t\t\t\t<div class=\"elementor-element elementor-element-1625e95 e-flex e-con-boxed e-con e-parent\" data-id=\"1625e95\" data-element_type=\"container\">\n\t\t\t\t\t<div class=\"e-con-inner\">\n\t\t\t\t<div class=\"elementor-element elementor-element-b01d0b4 elementor-widget elementor-widget-spacer\" data-id=\"b01d0b4\" data-element_type=\"widget\" data-widget_type=\"spacer.default\">\n\t\t\t\t<div class=\"elementor-widget-container\">\n\t\t\t\t\t\t\t<div class=\"elementor-spacer\">\n\t\t\t<div class=\"elementor-spacer-inner\"><\/div>\n\t\t<\/div>\n\t\t\t\t\t\t<\/div>\n\t\t\t\t<\/div>\n\t\t\t\t\t<\/div>\n\t\t\t\t<\/div>\n\t\t<div class=\"elementor-element elementor-element-fd50672 e-flex e-con-boxed e-con e-parent\" data-id=\"fd50672\" data-element_type=\"container\">\n\t\t\t\t\t<div class=\"e-con-inner\">\n\t\t<div class=\"elementor-element elementor-element-3ca3180 e-con-full e-flex e-con e-child\" data-id=\"3ca3180\" data-element_type=\"container\">\n\t\t\t\t<\/div>\n\t\t<div class=\"elementor-element elementor-element-4bbacb1 e-con-full e-flex e-con e-child\" data-id=\"4bbacb1\" data-element_type=\"container\">\n\t\t\t\t<div class=\"elementor-element elementor-element-bb3b533 elementor-widget-divider--view-line elementor-widget elementor-widget-divider\" data-id=\"bb3b533\" data-element_type=\"widget\" data-widget_type=\"divider.default\">\n\t\t\t\t<div class=\"elementor-widget-container\">\n\t\t\t\t\t\t\t<div class=\"elementor-divider\">\n\t\t\t<span class=\"elementor-divider-separator\">\n\t\t\t\t\t\t<\/span>\n\t\t<\/div>\n\t\t\t\t\t\t<\/div>\n\t\t\t\t<\/div>\n\t\t\t\t<div class=\"elementor-element elementor-element-1328ec2 elementor-widget elementor-widget-heading\" data-id=\"1328ec2\" data-element_type=\"widget\" data-widget_type=\"heading.default\">\n\t\t\t\t<div class=\"elementor-widget-container\">\n\t\t\t\t\t<h2 class=\"elementor-heading-title elementor-size-default\">Bobie<\/h2>\t\t\t\t<\/div>\n\t\t\t\t<\/div>\n\t\t\t\t<div class=\"elementor-element elementor-element-7c99e2b elementor-widget elementor-widget-text-editor\" data-id=\"7c99e2b\" data-element_type=\"widget\" data-widget_type=\"text-editor.default\">\n\t\t\t\t<div class=\"elementor-widget-container\">\n\t\t\t\t\t\t\t\t\t<p>Als Bobie 8 Jahre alt war, ging sie in eine Schule f\u00fcr beeintr\u00e4chtigte Menschen. In dieser Zeit lernte sie ihren Namen zu schreiben. Von unserem Programm h\u00f6rte Bobies Mutter von einem Bekannten. Sie fragte ihre Tochter, ob sie sich unserem Projekt anzuschlie\u00dfen m\u00f6chte. Bobie kam 2019 zu uns und war anfangs sehr zur\u00fcckhaltend und sprach sehr wenig mit anderen.&nbsp;<span style=\"font-style: inherit; font-weight: inherit; background-color: var(--ast-global-color-5);\">Handicapped\u201d where she learnt to write her name. Bobie\u2019s mother heard about our program&nbsp;<\/span><span style=\"font-style: inherit; font-weight: inherit; background-color: var(--ast-global-color-5);\">from a friend. She requested for her daughter to join our project and did so in<\/span><span style=\"font-style: inherit; font-weight: inherit; background-color: var(--ast-global-color-5);\">&nbsp;2019. At first, she was very withdrawn and did not talk to&nbsp;<\/span><span style=\"font-style: inherit; font-weight: inherit; background-color: var(--ast-global-color-5);\">anyone.&nbsp;<\/span><\/p>\n<p><span style=\"font-style: inherit; font-weight: inherit; background-color: var(--ast-global-color-5);\"><br><\/span><\/p>\n<p><span style=\"font-style: inherit; font-weight: inherit; background-color: var(--ast-global-color-5);\">Schon bald durften wir positive Ver\u00e4nderungen bei Bobie feststellen. Sie arbeitet gut mit den anderen MitarbeiterInnen zusammen und \u00f6ffnete sich mehr und mehr. Sie lernte auch selbst\u00e4ndig von ihrem Dorf zu uns reisen. Neben der Gartenarbeit hilft sie auch viel beim Kochen mit. Sie hat sich von einem introvertierten und scheuen jungen M\u00e4dchen zu einer lebhaften und selbstbewussten jungen Frau gewandelt. Sie genie\u00dft ihr Leben, lacht viel und heitert andere auf. Ihre Mutter ist sehr dankbar \u00fcber unsere Arbeit, da sie die enormen Ver\u00e4nderungen im Leben ihrer Tochter beobachten kann.&nbsp;<\/span><span style=\"font-style: inherit; font-weight: inherit; background-color: var(--ast-global-color-5);\">with our staff. Occasionally she shouts out with joy. She knows how to respect everyone and has l<\/span><span style=\"font-style: inherit; font-weight: inherit; background-color: var(--ast-global-color-5);\">earned how to travel from her village to our project location. Apart from gardening&nbsp;<\/span><span style=\"font-style: inherit; font-weight: inherit; background-color: var(--ast-global-color-5);\">she also helps a lot with the cooking. She has changed from an inward looking, almost silent and&nbsp;<\/span><span style=\"font-style: inherit; font-weight: inherit; background-color: var(--ast-global-color-5);\">disinterested young adult into a lively young lady who smiles, chats, and enjoys life&nbsp;<\/span><span style=\"font-style: inherit; font-weight: inherit; background-color: var(--ast-global-color-5);\">Her mother is very happy and thankful to our team as she sees tremendous change<\/span><span style=\"font-style: inherit; font-weight: inherit; background-color: var(--ast-global-color-5);\">&nbsp;in her daughter\u2019s life.<\/span><\/p>\t\t\t\t\t\t\t\t<\/div>\n\t\t\t\t<\/div>\n\t\t\t\t<div class=\"elementor-element elementor-element-d494c9b elementor-widget-divider--view-line elementor-widget elementor-widget-divider\" data-id=\"d494c9b\" data-element_type=\"widget\" data-widget_type=\"divider.default\">\n\t\t\t\t<div class=\"elementor-widget-container\">\n\t\t\t\t\t\t\t<div class=\"elementor-divider\">\n\t\t\t<span class=\"elementor-divider-separator\">\n\t\t\t\t\t\t<\/span>\n\t\t<\/div>\n\t\t\t\t\t\t<\/div>\n\t\t\t\t<\/div>\n\t\t\t\t<div class=\"elementor-element elementor-element-0db8362 elementor-widget elementor-widget-spacer\" data-id=\"0db8362\" data-element_type=\"widget\" data-widget_type=\"spacer.default\">\n\t\t\t\t<div class=\"elementor-widget-container\">\n\t\t\t\t\t\t\t<div class=\"elementor-spacer\">\n\t\t\t<div class=\"elementor-spacer-inner\"><\/div>\n\t\t<\/div>\n\t\t\t\t\t\t<\/div>\n\t\t\t\t<\/div>\n\t\t\t\t<\/div>\n\t\t<div class=\"elementor-element elementor-element-8681b3e e-con-full e-flex e-con e-child\" data-id=\"8681b3e\" data-element_type=\"container\">\n\t\t\t\t<\/div>\n\t\t\t\t\t<\/div>\n\t\t\t\t<\/div>\n\t\t\t\t<\/div>","protected":false},"excerpt":{"rendered":"<p>Bobie When Bobie was 8 years old, she was enrolled in \u201cThe Path of Light School for the&nbsp;Handicapped\u201d where she learnt to write her name. Bobie\u2019s mother heard about our program&nbsp;from a friend. She requested for her daughter to join our project and did so in&nbsp;2019. At first, she was very withdrawn and did not [&hellip;]<\/p>","protected":false},"author":2,"featured_media":0,"parent":0,"menu_order":0,"comment_status":"closed","ping_status":"closed","template":"","meta":{"site-sidebar-layout":"no-sidebar","site-content-layout":"page-builder","ast-site-content-layout":"full-width-container","site-content-style":"default","site-sidebar-style":"default","ast-global-header-display":"","ast-banner-title-visibility":"","ast-main-header-display":"","ast-hfb-above-header-display":"","ast-hfb-below-header-display":"","ast-hfb-mobile-header-display":"","site-post-title":"disabled","ast-breadcrumbs-content":"","ast-featured-img":"disabled","footer-sml-layout":"","theme-transparent-header-meta":"","adv-header-id-meta":"","stick-header-meta":"","header-above-stick-meta":"","header-main-stick-meta":"","header-below-stick-meta":"","astra-migrate-meta-layouts":"set","ast-page-background-enabled":"default","ast-page-background-meta":{"desktop":{"background-color":"var(--ast-global-color-4)","background-image":"","background-repeat":"repeat","background-position":"center center","background-size":"auto","background-attachment":"scroll","background-type":"","background-media":"","overlay-type":"","overlay-color":"","overlay-gradient":""},"tablet":{"background-color":"","background-image":"","background-repeat":"repeat","background-position":"center center","background-size":"auto","background-attachment":"scroll","background-type":"","background-media":"","overlay-type":"","overlay-color":"","overlay-gradient":""},"mobile":{"background-color":"","background-image":"","background-repeat":"repeat","background-position":"center center","background-size":"auto","background-attachment":"scroll","background-type":"","background-media":"","overlay-type":"","overlay-color":"","overlay-gradient":""}},"ast-content-background-meta":{"desktop":{"background-color":"var(--ast-global-color-5)","background-image":"","background-repeat":"repeat","background-position":"center center","background-size":"auto","background-attachment":"scroll","background-type":"","background-media":"","overlay-type":"","overlay-color":"","overlay-gradient":""},"tablet":{"background-color":"var(--ast-global-color-5)","background-image":"","background-repeat":"repeat","background-position":"center center","background-size":"auto","background-attachment":"scroll","background-type":"","background-media":"","overlay-type":"","overlay-color":"","overlay-gradient":""},"mobile":{"background-color":"var(--ast-global-color-5)","background-image":"","background-repeat":"repeat","background-position":"center center","background-size":"auto","background-attachment":"scroll","background-type":"","background-media":"","overlay-type":"","overlay-color":"","overlay-gradient":""}},"footnotes":""},"class_list":["post-1948","page","type-page","status-publish","hentry"],"_links":{"self":[{"href":"https:\/\/rupantorbangladesh.com\/de\/wp-json\/wp\/v2\/pages\/1948","targetHints":{"allow":["GET"]}}],"collection":[{"href":"https:\/\/rupantorbangladesh.com\/de\/wp-json\/wp\/v2\/pages"}],"about":[{"href":"https:\/\/rupantorbangladesh.com\/de\/wp-json\/wp\/v2\/types\/page"}],"author":[{"embeddable":true,"href":"https:\/\/rupantorbangladesh.com\/de\/wp-json\/wp\/v2\/users\/2"}],"replies":[{"embeddable":true,"href":"https:\/\/rupantorbangladesh.com\/de\/wp-json\/wp\/v2\/comments?post=1948"}],"version-history":[{"count":20,"href":"https:\/\/rupantorbangladesh.com\/de\/wp-json\/wp\/v2\/pages\/1948\/revisions"}],"predecessor-version":[{"id":2559,"href":"https:\/\/rupantorbangladesh.com\/de\/wp-json\/wp\/v2\/pages\/1948\/revisions\/2559"}],"wp:attachment":[{"href":"https:\/\/rupantorbangladesh.com\/de\/wp-json\/wp\/v2\/media?parent=1948"}],"curies":[{"name":"wp","href":"https:\/\/api.w.org\/{rel}","templated":true}]}}