{"id":1956,"date":"2024-05-05T09:03:22","date_gmt":"2024-05-05T09:03:22","guid":{"rendered":"https:\/\/rupantorbangladesh.com\/?page_id=1956"},"modified":"2024-08-19T08:42:52","modified_gmt":"2024-08-19T08:42:52","slug":"foridul","status":"publish","type":"page","link":"https:\/\/rupantorbangladesh.com\/de\/foridul\/","title":{"rendered":"Foridul"},"content":{"rendered":"<div data-elementor-type=\"wp-page\" data-elementor-id=\"1956\" class=\"elementor elementor-1956\">\n\t\t\t\t<div class=\"elementor-element elementor-element-d5f14f5 e-flex e-con-boxed e-con e-parent\" data-id=\"d5f14f5\" data-element_type=\"container\">\n\t\t\t\t\t<div class=\"e-con-inner\">\n\t\t<div class=\"elementor-element elementor-element-e917948 e-con-full e-flex e-con e-child\" data-id=\"e917948\" data-element_type=\"container\">\n\t\t\t\t<\/div>\n\t\t<div class=\"elementor-element elementor-element-1f0aea4 e-con-full e-flex e-con e-child\" data-id=\"1f0aea4\" data-element_type=\"container\">\n\t\t\t\t<div class=\"elementor-element elementor-element-1b24e17 elementor-widget elementor-widget-spacer\" data-id=\"1b24e17\" data-element_type=\"widget\" data-widget_type=\"spacer.default\">\n\t\t\t\t<div class=\"elementor-widget-container\">\n\t\t\t\t\t\t\t<div class=\"elementor-spacer\">\n\t\t\t<div class=\"elementor-spacer-inner\"><\/div>\n\t\t<\/div>\n\t\t\t\t\t\t<\/div>\n\t\t\t\t<\/div>\n\t\t\t\t<div class=\"elementor-element elementor-element-f3aae60 elementor-widget-divider--view-line elementor-widget elementor-widget-divider\" data-id=\"f3aae60\" data-element_type=\"widget\" data-widget_type=\"divider.default\">\n\t\t\t\t<div class=\"elementor-widget-container\">\n\t\t\t\t\t\t\t<div class=\"elementor-divider\">\n\t\t\t<span class=\"elementor-divider-separator\">\n\t\t\t\t\t\t<\/span>\n\t\t<\/div>\n\t\t\t\t\t\t<\/div>\n\t\t\t\t<\/div>\n\t\t\t\t<div class=\"elementor-element elementor-element-161c208 elementor-widget elementor-widget-heading\" data-id=\"161c208\" data-element_type=\"widget\" data-widget_type=\"heading.default\">\n\t\t\t\t<div class=\"elementor-widget-container\">\n\t\t\t\t\t<h2 class=\"elementor-heading-title elementor-size-default\">Foridul<\/h2>\t\t\t\t<\/div>\n\t\t\t\t<\/div>\n\t\t\t\t<div class=\"elementor-element elementor-element-1fddbfb elementor-widget elementor-widget-spacer\" data-id=\"1fddbfb\" data-element_type=\"widget\" data-widget_type=\"spacer.default\">\n\t\t\t\t<div class=\"elementor-widget-container\">\n\t\t\t\t\t\t\t<div class=\"elementor-spacer\">\n\t\t\t<div class=\"elementor-spacer-inner\"><\/div>\n\t\t<\/div>\n\t\t\t\t\t\t<\/div>\n\t\t\t\t<\/div>\n\t\t\t\t<div class=\"elementor-element elementor-element-3f5abb0 elementor-widget elementor-widget-text-editor\" data-id=\"3f5abb0\" data-element_type=\"widget\" data-widget_type=\"text-editor.default\">\n\t\t\t\t<div class=\"elementor-widget-container\">\n\t\t\t\t\t\t\t\t\t<p><span style=\"background-color: var(--ast-global-color-5); font-style: inherit; font-weight: inherit; text-align: var(--text-align);\">&nbsp;<\/span><span style=\"background-color: var(--ast-global-color-5); font-style: inherit; font-weight: inherit;\">Nach Angaben seiner Familie war Foridul ein gesundes Baby und fing mit neun Monaten an zu laufen. Allerdings bemerkten seine Eltern, dass Foridul anders ging als seine f\u00fcnf Geschwister. Er taumelte und wurde schnell m\u00fcde. Nach Untersuchungen wurde bei ihm eine Zerebralparese diagnostiziert.\nEr besuchte die Schule bis zur sechsten Klasse, konnte aber mit den anderen Sch\u00fclern nicht mithalten und machte kaum Fortschritte. Er hatte keine Freude in der Schule und lief im Alter von zw\u00f6lf Jahren von zu Hause weg. Er fand Arbeit auf einer Rinderfarm, konnte dort aber nicht lange bleiben und kehrte nach sechs Monaten nach Hause zur\u00fcck. Seine Familie sah ihn mehr und mehr als Belastung.&nbsp;<\/span><span style=\"font-style: inherit; font-weight: inherit; background-color: var(--ast-global-color-5);\">However, his parents noticed that Foridul walked differently than his five siblings. He&nbsp;<\/span><span style=\"font-style: inherit; font-weight: inherit; background-color: var(--ast-global-color-5);\">staggered and got tired quickly. After examinations he was diagnosed with cerebral palsy.<\/span><\/p>\n<p style=\"margin: 0cm; background-image: initial; background-position: initial; background-size: initial; background-repeat: initial; background-attachment: initial; background-origin: initial; background-clip: initial;\">As Foridul grew up, his family wanted him to go to school. He attended school until grade&nbsp;<span style=\"font-style: inherit; font-weight: inherit; background-color: var(--ast-global-color-5);\">six, but he couldn\u2019t keep up with other students and made little progress. He didn&#8217;t enjoy&nbsp;<\/span><span style=\"font-style: inherit; font-weight: inherit; background-color: var(--ast-global-color-5);\">going to school. At the age of twelve, he ran away from home and found a job on a&nbsp;<\/span><span style=\"font-style: inherit; font-weight: inherit; background-color: var(--ast-global-color-5);\">cattle farm. However, he could not stay there for long and returned home after six months.&nbsp;<\/span><span style=\"font-style: inherit; font-weight: inherit; background-color: var(--ast-global-color-5);\">His life became increasingly difficult, and his family started to see him as an additional&nbsp;<\/span><span style=\"font-style: inherit; font-weight: inherit; background-color: var(--ast-global-color-5);\">burden.<\/span><\/p>\n<p style=\"margin: 0cm; background-image: initial; background-position: initial; background-size: initial; background-repeat: initial; background-attachment: initial; background-origin: initial; background-clip: initial;\"><br><\/p>\n<p style=\"margin: 0cm; background-image: initial; background-position: initial; background-size: initial; background-repeat: initial; background-attachment: initial; background-origin: initial; background-clip: initial;\">Er arbeitete in einem kleinen Restaurant f\u00fcr sehr wenig Geld. F\u00fcr beeintr\u00e4chtigte Menschen ist es besonders schwierig Arbeit zu bekommen und sie werden oft auch ausgenutzt. Die Arbeit im Restaurant war sehr streng und er bekam starke Schmerzen in seinen Beinen. \n2015 h\u00f6rte er von unserem Projekt und kontaktierte uns. Nach einem Aufnahmegespr\u00e4ch fing er bei uns an. Die Arbeit im Garten bereitete ihm viel mehr Freude als die Arbeit im Hotel. Wir waren mit seiner Arbeit sehr zufrieden. Inzwischen hat er Rupantor verlassen und f\u00e4hrt heute seine eigene Rikscha. Mit dieser Arbeit verdient er wesentlich mehr und kann zum Einkommen seiner Familie beitragen. Er ist ein gesch\u00e4tztes und respektiertes Familienmitglied. Foriduls Geschichte ist eine Erfolgsgeschichte und sein Leben hat sich sehr positiv ver\u00e4ndert.&nbsp;<span style=\"font-style: inherit; font-weight: inherit; background-color: var(--ast-global-color-5);\">because there were enough other workers who were just waiting for a job. In Bangladesh there are&nbsp;<\/span><span style=\"font-style: inherit; font-weight: inherit; background-color: var(--ast-global-color-5);\">not enough jobs available for all people, especially not for differently abled people.&nbsp;<\/span><span style=\"font-style: inherit; font-weight: inherit; background-color: var(--ast-global-color-5);\">People with a disability receive little or no assistance and face cultural barriers that prevent&nbsp;<\/span><span style=\"font-style: inherit; font-weight: inherit; background-color: var(--ast-global-color-5);\">them from fully and equally participating in social, economic, political, and cultural activities.&nbsp;<\/span><\/p><p style=\"margin: 0cm; background-image: initial; background-position: initial; background-size: initial; background-repeat: initial; background-attachment: initial; background-origin: initial; background-clip: initial;\"><span style=\"font-style: inherit; font-weight: inherit; background-color: var(--ast-global-color-5);\"><br><\/span><\/p><p style=\"margin: 0cm; background-image: initial; background-position: initial; background-size: initial; background-repeat: initial; background-attachment: initial; background-origin: initial; background-clip: initial;\"><span style=\"font-style: inherit; font-weight: inherit; background-color: var(--ast-global-color-5);\">Because of all the walking involved in his job, Foridul started to suffer from&nbsp;<\/span><span style=\"font-style: inherit; font-weight: inherit; background-color: var(--ast-global-color-5);\">leg pain. In 2015 he heard about our project and contacted us. After an admission interview,&nbsp;<\/span><span style=\"font-style: inherit; font-weight: inherit; background-color: var(--ast-global-color-5);\">he was able to join. He enjoyed working in the garden much more than working for the&nbsp;<\/span><span style=\"font-style: inherit; font-weight: inherit; background-color: var(--ast-global-color-5);\">hotel. Till 2022 he worked primarily as a gardener. Today he looks after our cows and goats&nbsp;<\/span><span style=\"font-style: inherit; font-weight: inherit; background-color: var(--ast-global-color-5);\">which he enjoys even more than gardening.&nbsp;<\/span><\/p><p style=\"margin: 0cm; background-image: initial; background-position: initial; background-size: initial; background-repeat: initial; background-attachment: initial; background-origin: initial; background-clip: initial;\"><span style=\"font-style: inherit; font-weight: inherit; background-color: var(--ast-global-color-5);\"><br><\/span><\/p><p style=\"margin: 0cm; background-image: initial; background-position: initial; background-size: initial; background-repeat: initial; background-attachment: initial; background-origin: initial; background-clip: initial;\"><span style=\"font-style: inherit; font-weight: inherit; background-color: var(--ast-global-color-5);\">We are very satisfied with Foridul&#8217;s work and attitude. He&nbsp;<\/span><span style=\"font-style: inherit; font-weight: inherit; background-color: var(--ast-global-color-5);\">is a reliable and very motivated.&nbsp;<\/span><span style=\"font-style: inherit; font-weight: inherit; background-color: var(--ast-global-color-5);\">His father recently bought him a rickshaw which he uses to earn some extra&nbsp;<\/span><span style=\"font-style: inherit; font-weight: inherit; background-color: var(--ast-global-color-5);\">money. He also makes trips for us occasionally. His additional income is very welcomed, as&nbsp;<\/span><span style=\"font-style: inherit; font-weight: inherit; background-color: var(--ast-global-color-5);\">he now can contribute significantly to his family&#8217;s income. He is a valued and respected&nbsp;<\/span><span style=\"font-style: inherit; font-weight: inherit; background-color: var(--ast-global-color-5);\">member of the family. He also got married last year and lives with his wife in his parents&#8217;&nbsp;<\/span><span style=\"font-style: inherit; font-weight: inherit; background-color: var(--ast-global-color-5);\">house. Foridul\u2019s story is a success story, and his life has truly transformed since joining<\/span><\/p>\n<p style=\"margin: 0cm; background-image: initial; background-position: initial; background-size: initial; background-repeat: initial; background-attachment: initial; background-origin: initial; background-clip: initial;\">our project.<\/p>\t\t\t\t\t\t\t\t<\/div>\n\t\t\t\t<\/div>\n\t\t\t\t<div class=\"elementor-element elementor-element-a658b0f elementor-widget-divider--view-line elementor-widget elementor-widget-divider\" data-id=\"a658b0f\" data-element_type=\"widget\" data-widget_type=\"divider.default\">\n\t\t\t\t<div class=\"elementor-widget-container\">\n\t\t\t\t\t\t\t<div class=\"elementor-divider\">\n\t\t\t<span class=\"elementor-divider-separator\">\n\t\t\t\t\t\t<\/span>\n\t\t<\/div>\n\t\t\t\t\t\t<\/div>\n\t\t\t\t<\/div>\n\t\t\t\t<div class=\"elementor-element elementor-element-e2a624b elementor-widget elementor-widget-image\" data-id=\"e2a624b\" data-element_type=\"widget\" data-widget_type=\"image.default\">\n\t\t\t\t<div class=\"elementor-widget-container\">\n\t\t\t\t\t\t\t\t\t\t\t\t\t\t\t<img fetchpriority=\"high\" decoding=\"async\" width=\"695\" height=\"610\" src=\"https:\/\/rupantorbangladesh.com\/wp-content\/uploads\/2024\/06\/Screenshot-2024-06-16-155209.png\" class=\"attachment-large size-large wp-image-2411\" alt=\"\" srcset=\"https:\/\/rupantorbangladesh.com\/wp-content\/uploads\/2024\/06\/Screenshot-2024-06-16-155209.png 695w, https:\/\/rupantorbangladesh.com\/wp-content\/uploads\/2024\/06\/Screenshot-2024-06-16-155209-300x263.png 300w, https:\/\/rupantorbangladesh.com\/wp-content\/uploads\/2024\/06\/Screenshot-2024-06-16-155209-14x12.png 14w\" sizes=\"(max-width: 695px) 100vw, 695px\" \/>\t\t\t\t\t\t\t\t\t\t\t\t\t\t\t<\/div>\n\t\t\t\t<\/div>\n\t\t\t\t<div class=\"elementor-element elementor-element-c7ebf8e elementor-widget elementor-widget-spacer\" data-id=\"c7ebf8e\" data-element_type=\"widget\" data-widget_type=\"spacer.default\">\n\t\t\t\t<div class=\"elementor-widget-container\">\n\t\t\t\t\t\t\t<div class=\"elementor-spacer\">\n\t\t\t<div class=\"elementor-spacer-inner\"><\/div>\n\t\t<\/div>\n\t\t\t\t\t\t<\/div>\n\t\t\t\t<\/div>\n\t\t\t\t<\/div>\n\t\t<div class=\"elementor-element elementor-element-65881d2 e-con-full e-flex e-con e-child\" data-id=\"65881d2\" data-element_type=\"container\">\n\t\t\t\t<\/div>\n\t\t\t\t\t<\/div>\n\t\t\t\t<\/div>\n\t\t\t\t<\/div>","protected":false},"excerpt":{"rendered":"<p>Foridul &nbsp;According to his family, Foridul was a healthy baby. He started walking at nine months.&nbsp;However, his parents noticed that Foridul walked differently than his five siblings. He&nbsp;staggered and got tired quickly. After examinations he was diagnosed with cerebral palsy. As Foridul grew up, his family wanted him to go to school. He attended school [&hellip;]<\/p>","protected":false},"author":2,"featured_media":0,"parent":0,"menu_order":0,"comment_status":"closed","ping_status":"closed","template":"","meta":{"site-sidebar-layout":"no-sidebar","site-content-layout":"page-builder","ast-site-content-layout":"full-width-container","site-content-style":"default","site-sidebar-style":"default","ast-global-header-display":"","ast-banner-title-visibility":"","ast-main-header-display":"","ast-hfb-above-header-display":"","ast-hfb-below-header-display":"","ast-hfb-mobile-header-display":"","site-post-title":"disabled","ast-breadcrumbs-content":"","ast-featured-img":"disabled","footer-sml-layout":"","theme-transparent-header-meta":"","adv-header-id-meta":"","stick-header-meta":"","header-above-stick-meta":"","header-main-stick-meta":"","header-below-stick-meta":"","astra-migrate-meta-layouts":"set","ast-page-background-enabled":"default","ast-page-background-meta":{"desktop":{"background-color":"var(--ast-global-color-4)","background-image":"","background-repeat":"repeat","background-position":"center center","background-size":"auto","background-attachment":"scroll","background-type":"","background-media":"","overlay-type":"","overlay-color":"","overlay-gradient":""},"tablet":{"background-color":"","background-image":"","background-repeat":"repeat","background-position":"center center","background-size":"auto","background-attachment":"scroll","background-type":"","background-media":"","overlay-type":"","overlay-color":"","overlay-gradient":""},"mobile":{"background-color":"","background-image":"","background-repeat":"repeat","background-position":"center center","background-size":"auto","background-attachment":"scroll","background-type":"","background-media":"","overlay-type":"","overlay-color":"","overlay-gradient":""}},"ast-content-background-meta":{"desktop":{"background-color":"var(--ast-global-color-5)","background-image":"","background-repeat":"repeat","background-position":"center center","background-size":"auto","background-attachment":"scroll","background-type":"","background-media":"","overlay-type":"","overlay-color":"","overlay-gradient":""},"tablet":{"background-color":"var(--ast-global-color-5)","background-image":"","background-repeat":"repeat","background-position":"center center","background-size":"auto","background-attachment":"scroll","background-type":"","background-media":"","overlay-type":"","overlay-color":"","overlay-gradient":""},"mobile":{"background-color":"var(--ast-global-color-5)","background-image":"","background-repeat":"repeat","background-position":"center center","background-size":"auto","background-attachment":"scroll","background-type":"","background-media":"","overlay-type":"","overlay-color":"","overlay-gradient":""}},"footnotes":""},"class_list":["post-1956","page","type-page","status-publish","hentry"],"_links":{"self":[{"href":"https:\/\/rupantorbangladesh.com\/de\/wp-json\/wp\/v2\/pages\/1956","targetHints":{"allow":["GET"]}}],"collection":[{"href":"https:\/\/rupantorbangladesh.com\/de\/wp-json\/wp\/v2\/pages"}],"about":[{"href":"https:\/\/rupantorbangladesh.com\/de\/wp-json\/wp\/v2\/types\/page"}],"author":[{"embeddable":true,"href":"https:\/\/rupantorbangladesh.com\/de\/wp-json\/wp\/v2\/users\/2"}],"replies":[{"embeddable":true,"href":"https:\/\/rupantorbangladesh.com\/de\/wp-json\/wp\/v2\/comments?post=1956"}],"version-history":[{"count":20,"href":"https:\/\/rupantorbangladesh.com\/de\/wp-json\/wp\/v2\/pages\/1956\/revisions"}],"predecessor-version":[{"id":2549,"href":"https:\/\/rupantorbangladesh.com\/de\/wp-json\/wp\/v2\/pages\/1956\/revisions\/2549"}],"wp:attachment":[{"href":"https:\/\/rupantorbangladesh.com\/de\/wp-json\/wp\/v2\/media?parent=1956"}],"curies":[{"name":"wp","href":"https:\/\/api.w.org\/{rel}","templated":true}]}}