{"id":1970,"date":"2024-05-05T09:36:45","date_gmt":"2024-05-05T09:36:45","guid":{"rendered":"https:\/\/rupantorbangladesh.com\/?page_id=1970"},"modified":"2024-08-19T08:54:45","modified_gmt":"2024-08-19T08:54:45","slug":"nazira","status":"publish","type":"page","link":"https:\/\/rupantorbangladesh.com\/de\/nazira\/","title":{"rendered":"Nazira"},"content":{"rendered":"<div data-elementor-type=\"wp-page\" data-elementor-id=\"1970\" class=\"elementor elementor-1970\">\n\t\t\t\t<div class=\"elementor-element elementor-element-617a0a2 e-flex e-con-boxed e-con e-parent\" data-id=\"617a0a2\" data-element_type=\"container\">\n\t\t\t\t\t<div class=\"e-con-inner\">\n\t\t<div class=\"elementor-element elementor-element-a6ac0d7 e-con-full e-flex e-con e-child\" data-id=\"a6ac0d7\" data-element_type=\"container\">\n\t\t\t\t<\/div>\n\t\t<div class=\"elementor-element elementor-element-4b52971 e-con-full e-flex e-con e-child\" data-id=\"4b52971\" data-element_type=\"container\">\n\t\t\t\t<div class=\"elementor-element elementor-element-a4f5a53 elementor-widget elementor-widget-spacer\" data-id=\"a4f5a53\" data-element_type=\"widget\" data-widget_type=\"spacer.default\">\n\t\t\t\t<div class=\"elementor-widget-container\">\n\t\t\t\t\t\t\t<div class=\"elementor-spacer\">\n\t\t\t<div class=\"elementor-spacer-inner\"><\/div>\n\t\t<\/div>\n\t\t\t\t\t\t<\/div>\n\t\t\t\t<\/div>\n\t\t\t\t<div class=\"elementor-element elementor-element-d4920aa elementor-widget-divider--view-line elementor-widget elementor-widget-divider\" data-id=\"d4920aa\" data-element_type=\"widget\" data-widget_type=\"divider.default\">\n\t\t\t\t<div class=\"elementor-widget-container\">\n\t\t\t\t\t\t\t<div class=\"elementor-divider\">\n\t\t\t<span class=\"elementor-divider-separator\">\n\t\t\t\t\t\t<\/span>\n\t\t<\/div>\n\t\t\t\t\t\t<\/div>\n\t\t\t\t<\/div>\n\t\t\t\t<div class=\"elementor-element elementor-element-9d0b7a2 elementor-widget elementor-widget-heading\" data-id=\"9d0b7a2\" data-element_type=\"widget\" data-widget_type=\"heading.default\">\n\t\t\t\t<div class=\"elementor-widget-container\">\n\t\t\t\t\t<h2 class=\"elementor-heading-title elementor-size-default\">Nazira<\/h2>\t\t\t\t<\/div>\n\t\t\t\t<\/div>\n\t\t\t\t<div class=\"elementor-element elementor-element-cbbf8ed elementor-widget elementor-widget-spacer\" data-id=\"cbbf8ed\" data-element_type=\"widget\" data-widget_type=\"spacer.default\">\n\t\t\t\t<div class=\"elementor-widget-container\">\n\t\t\t\t\t\t\t<div class=\"elementor-spacer\">\n\t\t\t<div class=\"elementor-spacer-inner\"><\/div>\n\t\t<\/div>\n\t\t\t\t\t\t<\/div>\n\t\t\t\t<\/div>\n\t\t\t\t<div class=\"elementor-element elementor-element-f6908eb elementor-widget elementor-widget-text-editor\" data-id=\"f6908eb\" data-element_type=\"widget\" data-widget_type=\"text-editor.default\">\n\t\t\t\t<div class=\"elementor-widget-container\">\n\t\t\t\t\t\t\t\t\t<p>Als 12-j\u00e4hriges M\u00e4dchen wurde Nazira vernachl\u00e4ssigt, trug sch\u00e4bige Kleider und achtete wenig auf ihr \u00c4u\u00dferes. Sie war ein sehr trauriges und schweigsames M\u00e4dchen. Ihre Mutter starb, als sie noch klein war. Ihr Vater heiratete wieder. Ihre Stiefmutter akzeptierte sie nicht und das Leben wurde sehr schwierig f\u00fcr Nazira. Sie leidet unter einer spastischen Zerebralparese am linken Arm und Bein, das ihre Mobilit\u00e4t beeintr\u00e4chtigt und hat regelm\u00e4\u00dfige epileptische Anf\u00e4lle. Im Rehabilitationszentrum bekam sie Physiotherapie und lernte geeignete \u00dcbungen f\u00fcr ihre Arme und Beine. Eine Armschiene wurde f\u00fcr sie ma\u00dfgeschneidert angefertigt.&nbsp;<span style=\"font-style: inherit; font-weight: inherit; background-color: var(--ast-global-color-5);\">about her appearance. She was very sad, almost silent, thin and miserable looking girl.&nbsp;<\/span><span style=\"font-style: inherit; font-weight: inherit; background-color: var(--ast-global-color-5);\">Her Mother died when she was little, and her father married again. Nazira was not loved by&nbsp;<\/span><span style=\"font-style: inherit; font-weight: inherit; background-color: var(--ast-global-color-5);\">her stepmother and life became more difficult for her. Nazira struggles with Spastic Cerebral&nbsp;<\/span><span style=\"font-style: inherit; font-weight: inherit; background-color: var(--ast-global-color-5);\">Palsy affecting her left arm and leg. She also has occasionally epileptic seizures. She walked<\/span><\/p>\n<p>with an obvious limp, and she could not use her left arm much but held it bent and close to&nbsp;<span style=\"font-style: inherit; font-weight: inherit; background-color: var(--ast-global-color-5);\">her body. She came for physiotherapy to Lamb&#8217;s Rehabilitation outpatient center.&nbsp;<\/span><span style=\"font-style: inherit; font-weight: inherit; background-color: var(--ast-global-color-5);\">She was given exercises for her arm and leg and an arm splint to wear at night. Gradually<\/span><\/p>\n<p>Nach und nach verbesserte sich ihre Beweglichkeit, aber sie blieb ein trauriges und zur\u00fcckgezogenes M\u00e4dchen. Golapi, unsere Physiotherapeutin schlug ihr vor, an unserem Besch\u00e4ftigungsprogram teilzunehmen. Nazira hatte aber keine Motivation und wollte anf\u00e4nglich nicht teilnehmen. Wir besuchten sie zu Hause und luden sie pers\u00f6nlich ein. Seit 2014 ist sie Teil unseres Programms und ihr Leben hat sich deutlich verbessert.&nbsp;<span style=\"font-style: inherit; font-weight: inherit; background-color: var(--ast-global-color-5);\">our Rehab staff suggested that she might like to join our Vocational Training Program for&nbsp;<\/span><span style=\"font-style: inherit; font-weight: inherit; background-color: var(--ast-global-color-5);\">differently abled people. She had low motivation and self-esteem and didn\u2019t ask to join our<\/span><span style=\"font-style: inherit; font-weight: inherit; background-color: var(--ast-global-color-5);\">&nbsp;program. We went to visit her at home and invited her personally. Since 2014 she has been part&nbsp;<\/span><span style=\"font-style: inherit; font-weight: inherit; background-color: var(--ast-global-color-5);\">of our program and her life has changed significantly.<\/span><\/p>\n<p><br><\/p>\n<p>Eine geregelte Tagesstruktur, ihr eigenes Gehalt verdienen und die Gemeinschaft mit anderen war Heilung f\u00fcr ihre isolierte Seele. Nazira hat sich sehr zum positive ver\u00e4ndert und wird in unserem Team sehr gesch\u00e4tzt. Sie hat ihren Platz in der Gesellschaft wiedergefunden.&nbsp;<span style=\"font-style: inherit; font-weight: inherit; background-color: var(--ast-global-color-5);\">before. To have community was healing for her isolated soul. Working, laughing, sharing,&nbsp;<\/span><span style=\"font-style: inherit; font-weight: inherit; background-color: var(--ast-global-color-5);\">eating and singing, with others what was she so desperately needed. Nazira is dearly valued&nbsp;<\/span><span style=\"font-style: inherit; font-weight: inherit; background-color: var(--ast-global-color-5);\">in our team, and she found her place in society again.<\/span><\/p>\n<p>Ihr Vater bemerkte die positiven Ver\u00e4nderungen seiner Tochter und sieht heute mehr ihre St\u00e4rken. Er ist sehr dankbar, dass sie einen Ort gefunden hat, an dem sie sich willkommen und zugeh\u00f6rig f\u00fchlen darf.  Sie lernte kochen und wie man Pflanzen hegt und pflegt. Nazira ist eine aufgeweckte junge Frau geworden. Manchmal singt und tanzt sie bei speziellen Anl\u00e4ssen. Sie liebt es, neue Kleider zu kaufen und sich h\u00fcbsch anzuziehen. Sie kann auch allein zur Arbeit kommen.&nbsp;<span style=\"font-style: inherit; font-weight: inherit; background-color: var(--ast-global-color-5);\">she can feel welcomed and belong. She learned how to cook and how to tend the&nbsp;<\/span><span style=\"font-style: inherit; font-weight: inherit; background-color: var(--ast-global-color-5);\">plants. She is a very bright young woman and an accomplished singer and dancer.<\/span><\/p>\n<p>She loves shopping for new clothes and enjoys dressing nicely. She travels by bus on her own.&nbsp;<span style=\"font-style: inherit; font-weight: inherit; background-color: var(--ast-global-color-5);\">Her family now sees her abilities more than her disabilities. Nazira continues to require&nbsp;<\/span><span style=\"font-style: inherit; font-weight: inherit; background-color: var(--ast-global-color-5);\">regular help from the physiotherapy team. Her epileptic seizures have stopped completely.<\/span><\/p>\t\t\t\t\t\t\t\t<\/div>\n\t\t\t\t<\/div>\n\t\t\t\t<div class=\"elementor-element elementor-element-8141fcd elementor-widget elementor-widget-spacer\" data-id=\"8141fcd\" data-element_type=\"widget\" data-widget_type=\"spacer.default\">\n\t\t\t\t<div class=\"elementor-widget-container\">\n\t\t\t\t\t\t\t<div class=\"elementor-spacer\">\n\t\t\t<div class=\"elementor-spacer-inner\"><\/div>\n\t\t<\/div>\n\t\t\t\t\t\t<\/div>\n\t\t\t\t<\/div>\n\t\t\t\t<\/div>\n\t\t<div class=\"elementor-element elementor-element-fb315c2 e-con-full e-flex e-con e-child\" data-id=\"fb315c2\" data-element_type=\"container\">\n\t\t\t\t<\/div>\n\t\t\t\t\t<\/div>\n\t\t\t\t<\/div>\n\t\t<div class=\"elementor-element elementor-element-63ef133 e-flex e-con-boxed e-con e-parent\" data-id=\"63ef133\" data-element_type=\"container\">\n\t\t\t\t\t<div class=\"e-con-inner\">\n\t\t\t\t<div class=\"elementor-element elementor-element-cc9c3ac elementor-widget-divider--view-line elementor-widget elementor-widget-divider\" data-id=\"cc9c3ac\" data-element_type=\"widget\" data-widget_type=\"divider.default\">\n\t\t\t\t<div class=\"elementor-widget-container\">\n\t\t\t\t\t\t\t<div class=\"elementor-divider\">\n\t\t\t<span class=\"elementor-divider-separator\">\n\t\t\t\t\t\t<\/span>\n\t\t<\/div>\n\t\t\t\t\t\t<\/div>\n\t\t\t\t<\/div>\n\t\t\t\t<div class=\"elementor-element elementor-element-47b79c0 elementor-widget elementor-widget-spacer\" data-id=\"47b79c0\" data-element_type=\"widget\" data-widget_type=\"spacer.default\">\n\t\t\t\t<div class=\"elementor-widget-container\">\n\t\t\t\t\t\t\t<div class=\"elementor-spacer\">\n\t\t\t<div class=\"elementor-spacer-inner\"><\/div>\n\t\t<\/div>\n\t\t\t\t\t\t<\/div>\n\t\t\t\t<\/div>\n\t\t\t\t\t<\/div>\n\t\t\t\t<\/div>\n\t\t\t\t<\/div>","protected":false},"excerpt":{"rendered":"<p>Nazira In 2012 Nazira was 12 years old. She was neglected wore shabby clothes and did not care&nbsp;about her appearance. She was very sad, almost silent, thin and miserable looking girl.&nbsp;Her Mother died when she was little, and her father married again. Nazira was not loved by&nbsp;her stepmother and life became more difficult for her. [&hellip;]<\/p>","protected":false},"author":2,"featured_media":0,"parent":0,"menu_order":0,"comment_status":"closed","ping_status":"closed","template":"","meta":{"site-sidebar-layout":"no-sidebar","site-content-layout":"page-builder","ast-site-content-layout":"full-width-container","site-content-style":"default","site-sidebar-style":"default","ast-global-header-display":"","ast-banner-title-visibility":"","ast-main-header-display":"","ast-hfb-above-header-display":"","ast-hfb-below-header-display":"","ast-hfb-mobile-header-display":"","site-post-title":"disabled","ast-breadcrumbs-content":"","ast-featured-img":"disabled","footer-sml-layout":"","theme-transparent-header-meta":"","adv-header-id-meta":"","stick-header-meta":"","header-above-stick-meta":"","header-main-stick-meta":"","header-below-stick-meta":"","astra-migrate-meta-layouts":"set","ast-page-background-enabled":"default","ast-page-background-meta":{"desktop":{"background-color":"var(--ast-global-color-4)","background-image":"","background-repeat":"repeat","background-position":"center center","background-size":"auto","background-attachment":"scroll","background-type":"","background-media":"","overlay-type":"","overlay-color":"","overlay-gradient":""},"tablet":{"background-color":"","background-image":"","background-repeat":"repeat","background-position":"center center","background-size":"auto","background-attachment":"scroll","background-type":"","background-media":"","overlay-type":"","overlay-color":"","overlay-gradient":""},"mobile":{"background-color":"","background-image":"","background-repeat":"repeat","background-position":"center center","background-size":"auto","background-attachment":"scroll","background-type":"","background-media":"","overlay-type":"","overlay-color":"","overlay-gradient":""}},"ast-content-background-meta":{"desktop":{"background-color":"var(--ast-global-color-5)","background-image":"","background-repeat":"repeat","background-position":"center center","background-size":"auto","background-attachment":"scroll","background-type":"","background-media":"","overlay-type":"","overlay-color":"","overlay-gradient":""},"tablet":{"background-color":"var(--ast-global-color-5)","background-image":"","background-repeat":"repeat","background-position":"center center","background-size":"auto","background-attachment":"scroll","background-type":"","background-media":"","overlay-type":"","overlay-color":"","overlay-gradient":""},"mobile":{"background-color":"var(--ast-global-color-5)","background-image":"","background-repeat":"repeat","background-position":"center center","background-size":"auto","background-attachment":"scroll","background-type":"","background-media":"","overlay-type":"","overlay-color":"","overlay-gradient":""}},"footnotes":""},"class_list":["post-1970","page","type-page","status-publish","hentry"],"_links":{"self":[{"href":"https:\/\/rupantorbangladesh.com\/de\/wp-json\/wp\/v2\/pages\/1970","targetHints":{"allow":["GET"]}}],"collection":[{"href":"https:\/\/rupantorbangladesh.com\/de\/wp-json\/wp\/v2\/pages"}],"about":[{"href":"https:\/\/rupantorbangladesh.com\/de\/wp-json\/wp\/v2\/types\/page"}],"author":[{"embeddable":true,"href":"https:\/\/rupantorbangladesh.com\/de\/wp-json\/wp\/v2\/users\/2"}],"replies":[{"embeddable":true,"href":"https:\/\/rupantorbangladesh.com\/de\/wp-json\/wp\/v2\/comments?post=1970"}],"version-history":[{"count":20,"href":"https:\/\/rupantorbangladesh.com\/de\/wp-json\/wp\/v2\/pages\/1970\/revisions"}],"predecessor-version":[{"id":2562,"href":"https:\/\/rupantorbangladesh.com\/de\/wp-json\/wp\/v2\/pages\/1970\/revisions\/2562"}],"wp:attachment":[{"href":"https:\/\/rupantorbangladesh.com\/de\/wp-json\/wp\/v2\/media?parent=1970"}],"curies":[{"name":"wp","href":"https:\/\/api.w.org\/{rel}","templated":true}]}}