{"id":1975,"date":"2024-05-05T09:42:03","date_gmt":"2024-05-05T09:42:03","guid":{"rendered":"https:\/\/rupantorbangladesh.com\/?page_id=1975"},"modified":"2024-08-22T14:45:46","modified_gmt":"2024-08-22T14:45:46","slug":"yacoub","status":"publish","type":"page","link":"https:\/\/rupantorbangladesh.com\/de\/yacoub\/","title":{"rendered":"Yacoub"},"content":{"rendered":"<div data-elementor-type=\"wp-page\" data-elementor-id=\"1975\" class=\"elementor elementor-1975\">\n\t\t\t\t<div class=\"elementor-element elementor-element-70c4cb1 e-flex e-con-boxed e-con e-parent\" data-id=\"70c4cb1\" data-element_type=\"container\">\n\t\t\t\t\t<div class=\"e-con-inner\">\n\t\t<div class=\"elementor-element elementor-element-0ce2dde e-con-full e-flex e-con e-child\" data-id=\"0ce2dde\" data-element_type=\"container\">\n\t\t\t\t<\/div>\n\t\t<div class=\"elementor-element elementor-element-0f1c26e e-con-full e-flex e-con e-child\" data-id=\"0f1c26e\" data-element_type=\"container\">\n\t\t\t\t<div class=\"elementor-element elementor-element-6e65f82 elementor-widget elementor-widget-spacer\" data-id=\"6e65f82\" data-element_type=\"widget\" data-widget_type=\"spacer.default\">\n\t\t\t\t<div class=\"elementor-widget-container\">\n\t\t\t\t\t\t\t<div class=\"elementor-spacer\">\n\t\t\t<div class=\"elementor-spacer-inner\"><\/div>\n\t\t<\/div>\n\t\t\t\t\t\t<\/div>\n\t\t\t\t<\/div>\n\t\t\t\t<div class=\"elementor-element elementor-element-36d263d elementor-widget-divider--view-line elementor-widget elementor-widget-divider\" data-id=\"36d263d\" data-element_type=\"widget\" data-widget_type=\"divider.default\">\n\t\t\t\t<div class=\"elementor-widget-container\">\n\t\t\t\t\t\t\t<div class=\"elementor-divider\">\n\t\t\t<span class=\"elementor-divider-separator\">\n\t\t\t\t\t\t<\/span>\n\t\t<\/div>\n\t\t\t\t\t\t<\/div>\n\t\t\t\t<\/div>\n\t\t\t\t<div class=\"elementor-element elementor-element-e71404d elementor-widget elementor-widget-heading\" data-id=\"e71404d\" data-element_type=\"widget\" data-widget_type=\"heading.default\">\n\t\t\t\t<div class=\"elementor-widget-container\">\n\t\t\t\t\t<h2 class=\"elementor-heading-title elementor-size-default\">Yacoub<\/h2>\t\t\t\t<\/div>\n\t\t\t\t<\/div>\n\t\t\t\t<div class=\"elementor-element elementor-element-a136b08 elementor-widget elementor-widget-spacer\" data-id=\"a136b08\" data-element_type=\"widget\" data-widget_type=\"spacer.default\">\n\t\t\t\t<div class=\"elementor-widget-container\">\n\t\t\t\t\t\t\t<div class=\"elementor-spacer\">\n\t\t\t<div class=\"elementor-spacer-inner\"><\/div>\n\t\t<\/div>\n\t\t\t\t\t\t<\/div>\n\t\t\t\t<\/div>\n\t\t\t\t<div class=\"elementor-element elementor-element-ee7322b elementor-widget elementor-widget-text-editor\" data-id=\"ee7322b\" data-element_type=\"widget\" data-widget_type=\"text-editor.default\">\n\t\t\t\t<div class=\"elementor-widget-container\">\n\t\t\t\t\t\t\t\t\t<p>1996 trug Yeacub\u2018s Mutter ihren 12-j\u00e4hrigen Jungen auf dem R\u00fccken ins Rehab-Zentrum. Er war gro\u00df und schwer, und sie konnte ihn nur mit gro\u00dfer M\u00fche tragen. Sie legte ihn auf den Boden und sagte unseren Physiotherapeuten, dass er viele spastische Bewegungen macht, die er nicht kontrollieren kann.&nbsp;<span style=\"font-style: inherit; font-weight: inherit; background-color: var(--ast-global-color-5);\">and heavy for her to carry, and she laid him on the floor and told our Rehab staff that he can&nbsp;<\/span><span style=\"font-style: inherit; font-weight: inherit; background-color: var(--ast-global-color-5);\">do nothing.<\/span><\/p><p><span style=\"font-style: inherit; font-weight: inherit; background-color: var(--ast-global-color-5);\"><br><\/span><\/p><p><span style=\"font-style: inherit; font-weight: inherit; background-color: var(--ast-global-color-5);\">&nbsp;&#8216;He lies on the floor all day at home and has lots of wriggly, jerky movements that&nbsp;<\/span><span style=\"font-style: inherit; font-weight: inherit; background-color: var(--ast-global-color-5);\">he cannot control. What can I do?&#8217;&nbsp;<\/span><\/p><p><span style=\"font-style: inherit; font-weight: inherit; background-color: var(--ast-global-color-5);\"><br><\/span><\/p><p><span style=\"font-style: inherit; font-weight: inherit; background-color: var(--ast-global-color-5);\">Unsere Physiotherapeuten erkannten, dass der Junge eine spastische Zerebralparese hat. Sie zeigten seiner Mutter, wie sie ihn aufzurichten und wie sie ihm essen eingeben konnte. Die Lamb-Werkstatt baute f\u00fcr ihn einen Stuhl mit Gurten zur Fixierung. Diese Gurten mussten aber immer wieder ersetzt werden, weil sie durch seine ruckartigen Bewegungen rissen. \nMit der Zeit lernte Yeacub seine H\u00e4nde nach vorne zu bringen, und seine Armbewegungen besser zu kontrollieren. Durch weitere \u00dcbungen und Physiotherapie verbesserte sich seine Balance im Sitzen. Unsere Werkstatt baute einen niedrigen Rollstuhl, mit dem er sich selbst fortbewegen konnte. Yeaqub besuchte einen Geb\u00e4rdenkurs und kann sich heute recht gut mitteilen. Er ist intelligent und versteht Zusammenh\u00e4nge sehr schnell.&nbsp;<\/span><span style=\"font-style: inherit; font-weight: inherit; background-color: var(--ast-global-color-5);\">Palsy and helped Yeaqub\u2019s Mother to sit him up. The Lamb workshop made him a chair&nbsp;<\/span><span style=\"font-style: inherit; font-weight: inherit; background-color: var(--ast-global-color-5);\">which he learnt to sit in but because he moved so much the safety belts holding would<\/span><span style=\"font-style: inherit; font-weight: inherit; background-color: var(--ast-global-color-5);\">&nbsp;often brake and needed replacing. However, the chair helped Yaqoub bring his&nbsp;<\/span><span style=\"font-style: inherit; font-weight: inherit; background-color: var(--ast-global-color-5);\">hands forward where he could see them instead of being held out to the side and he&nbsp;<\/span><span style=\"font-style: inherit; font-weight: inherit; background-color: var(--ast-global-color-5);\">gradually learnt to control the movement in his arms. Our physiotherapists taught his mother&nbsp;<\/span><span style=\"font-style: inherit; font-weight: inherit; background-color: var(--ast-global-color-5);\">to sit on the floor behind Yaqoub, place a large bowl of rice in front of him and hand over&nbsp;<\/span><span style=\"font-style: inherit; font-weight: inherit; background-color: var(--ast-global-color-5);\">hand help him to pick up some rice and bring it to his mouth. At first the rice went everywhere&nbsp;<\/span><span style=\"font-style: inherit; font-weight: inherit; background-color: var(--ast-global-color-5);\">but slowly, slowly he learnt how to feed himself with rice and bread. Drinking water is still&nbsp;<\/span><span style=\"font-style: inherit; font-weight: inherit; background-color: var(--ast-global-color-5);\">difficult even today. Then slowly with our help, Yacoub\u2019s Mother taught him how to dress&nbsp;<\/span><span style=\"font-style: inherit; font-weight: inherit; background-color: var(--ast-global-color-5);\">himself and he learnt how to move himself about the floor by bottom shuffling. His sitting&nbsp;<\/span><span style=\"font-style: inherit; font-weight: inherit; background-color: var(--ast-global-color-5);\">balance continued to improve, and the workshop made him a low trolley\/wheelchair which he<\/span><\/p>\n<p>learnt to self-propel. Today he is independently mobile! Yeaqub could not speak but together&nbsp;<span style=\"font-style: inherit; font-weight: inherit; background-color: var(--ast-global-color-5);\">with three others he attended a sign language class. Today he can easily communicate with<\/span><\/p>\n<p>everyone using signs. He is very bright.<\/p>\n<p><\/p>\n<p>&nbsp;<span style=\"font-style: inherit; font-weight: inherit; background-color: var(--ast-global-color-5);\">Seine Familie hat ihr Haus behindertengerecht umgebaut. Yeacub kann sich frei bewegen und hat Zugang zu allen Zimmern. Er kann sich selbst anziehen und auf die Toilette gehen. Er hat gute Freunde gefunden, darunter auch den Rikscha Fahrer, den ihn jeden Tag zur Arbeit bringt. Yeaqub ist heute 38 Jahre alt und seine F\u00e4higkeiten haben sich weiter verbessert. Durch die regelm\u00e4\u00dfige k\u00f6rperliche Arbeit wurden seine geschw\u00e4chten Arme und Beine gest\u00e4rkt und seine Mobilit\u00e4t hat sich weiter verbessert. \nEr ist sehr motiviert und kommt eine volle Stunde zu fr\u00fch zur Arbeit. Er tr\u00e4umt davon, eines Tages einen kleinen Laden zu f\u00fchren. Er nutzt ein Mobiltelefon und die Menschen in seinem Dorf m\u00f6gen ihn.&nbsp;<\/span><span style=\"font-style: inherit; font-weight: inherit; background-color: var(--ast-global-color-5);\">is fully independent in his self-care of eating, toileting, washing and dressing. He has a lot of&nbsp;<\/span><span style=\"font-style: inherit; font-weight: inherit; background-color: var(--ast-global-color-5);\">good friends including the van gari driver who brings him to work each day. After work he is&nbsp;<\/span><span style=\"font-style: inherit; font-weight: inherit; background-color: var(--ast-global-color-5);\">often found in the tea shop chatting with his friends.&nbsp;<\/span><span style=\"font-style: inherit; font-weight: inherit; background-color: var(--ast-global-color-5);\">Yeaqub is 36 years old, and he works together with us. His movements and his gardening&nbsp;<\/span><span style=\"font-style: inherit; font-weight: inherit; background-color: var(--ast-global-color-5);\">skills increased gradually over the years. The provided training, occupational and&nbsp;<\/span><span style=\"font-style: inherit; font-weight: inherit; background-color: var(--ast-global-color-5);\">physiotherapy and regular physical work strengthened his weakened arms and legs and,&nbsp;<\/span><span style=\"font-style: inherit; font-weight: inherit; background-color: var(--ast-global-color-5);\">according to his mother, he is less withdrawn and has increased his mobility.&nbsp;<\/span><span style=\"font-style: inherit; font-weight: inherit; background-color: var(--ast-global-color-5);\">He even created his own little business of buying and selling corn. He dreams of having his&nbsp;<\/span><span style=\"font-style: inherit; font-weight: inherit; background-color: var(--ast-global-color-5);\">own little shop one day. He uses a mobile phone and is well respected within his community.<\/span><\/p>\n<p><span style=\"font-style: inherit; font-weight: inherit; background-color: var(--ast-global-color-5);\">&nbsp;<\/span><\/p>\n<p>Seine Familie hat ihr Haus behindertengerecht umgebaut. Yeacub kann sich frei bewegen und hat Zugang zu allen Zimmern. Er kann sich selbst anziehen und auf die Toilette gehen. Er hat gute Freunde gefunden, darunter auch den Rikscha Fahrer, den ihn jeden Tag zur Arbeit bringt. Yeaqub ist heute 38 Jahre alt und seine F\u00e4higkeiten haben sich weiter verbessert. Durch die regelm\u00e4\u00dfige k\u00f6rperliche Arbeit wurden seine geschw\u00e4chten Arme und Beine gest\u00e4rkt und seine Mobilit\u00e4t hat sich weiter verbessert. \nEr ist sehr motiviert und kommt eine volle Stunde zu fr\u00fch zur Arbeit. Er tr\u00e4umt davon, eines Tages einen kleinen Laden zu f\u00fchren. Er nutzt ein Mobiltelefon und die Menschen in seinem Dorf m\u00f6gen ihn.  \n\nYeacubs Geschichte ist nur ein Beispiel daf\u00fcr, wie sich ein Leben positiv ver\u00e4ndern kann, wenn Eltern etwas Unterst\u00fctzung und Beratung f\u00fcr ihre behinderten Kinder bekommen k\u00f6nnen. Die Familien werden bei der Umsetzung der Therapiezielen miteinbezogen und gemeinsam schaffen wir bessere Bedingungen, die im t\u00e4glichen Leben einen gro\u00dfen Unterschied machen. Die F\u00e4higkeiten, die Yeacub durch seine Arbeit gelernt hat, sind sehr wertvoll f\u00fcr seine weitere Entwicklung. Heute ist er ein selbstbewusster junger Mann und nimmt am \u00f6ffentlichen Leben rege teil.&nbsp;<span style=\"font-style: inherit; font-weight: inherit; background-color: var(--ast-global-color-5);\">help to understand their child\u2019s condition. Families and communities need to be involved in&nbsp;<\/span><span style=\"font-style: inherit; font-weight: inherit; background-color: var(--ast-global-color-5);\">making places accessible for people with disabilities. The skills that he has learnt through a&nbsp;<\/span><span style=\"font-style: inherit; font-weight: inherit; background-color: var(--ast-global-color-5);\">regular work routine cannot be underestimated and Yeaqubs self-esteem has grown&nbsp;<\/span><span style=\"background-color: var(--ast-global-color-5); font-style: inherit; font-weight: inherit;\">significantly. Today he is confident and a valued member of his community.<\/span><\/p>\t\t\t\t\t\t\t\t<\/div>\n\t\t\t\t<\/div>\n\t\t\t\t<div class=\"elementor-element elementor-element-a958ab0 elementor-widget elementor-widget-spacer\" data-id=\"a958ab0\" data-element_type=\"widget\" data-widget_type=\"spacer.default\">\n\t\t\t\t<div class=\"elementor-widget-container\">\n\t\t\t\t\t\t\t<div class=\"elementor-spacer\">\n\t\t\t<div class=\"elementor-spacer-inner\"><\/div>\n\t\t<\/div>\n\t\t\t\t\t\t<\/div>\n\t\t\t\t<\/div>\n\t\t\t\t<div class=\"elementor-element elementor-element-7db9faa elementor-widget-divider--view-line elementor-widget elementor-widget-divider\" data-id=\"7db9faa\" data-element_type=\"widget\" data-widget_type=\"divider.default\">\n\t\t\t\t<div class=\"elementor-widget-container\">\n\t\t\t\t\t\t\t<div class=\"elementor-divider\">\n\t\t\t<span class=\"elementor-divider-separator\">\n\t\t\t\t\t\t<\/span>\n\t\t<\/div>\n\t\t\t\t\t\t<\/div>\n\t\t\t\t<\/div>\n\t\t\t\t<div class=\"elementor-element elementor-element-5d13aac elementor-widget elementor-widget-spacer\" data-id=\"5d13aac\" data-element_type=\"widget\" data-widget_type=\"spacer.default\">\n\t\t\t\t<div class=\"elementor-widget-container\">\n\t\t\t\t\t\t\t<div class=\"elementor-spacer\">\n\t\t\t<div class=\"elementor-spacer-inner\"><\/div>\n\t\t<\/div>\n\t\t\t\t\t\t<\/div>\n\t\t\t\t<\/div>\n\t\t\t\t<\/div>\n\t\t<div class=\"elementor-element elementor-element-c0eaa18 e-con-full e-flex e-con e-child\" data-id=\"c0eaa18\" data-element_type=\"container\">\n\t\t\t\t<\/div>\n\t\t\t\t\t<\/div>\n\t\t\t\t<\/div>\n\t\t\t\t<\/div>","protected":false},"excerpt":{"rendered":"<p>Yacoub In 1996 a mother carried her 12-year-old boy on her back into the Rehab Centre. He was tall&nbsp;and heavy for her to carry, and she laid him on the floor and told our Rehab staff that he can&nbsp;do nothing. &nbsp;&#8216;He lies on the floor all day at home and has lots of wriggly, jerky [&hellip;]<\/p>","protected":false},"author":2,"featured_media":0,"parent":0,"menu_order":0,"comment_status":"closed","ping_status":"closed","template":"","meta":{"site-sidebar-layout":"no-sidebar","site-content-layout":"page-builder","ast-site-content-layout":"full-width-container","site-content-style":"default","site-sidebar-style":"default","ast-global-header-display":"","ast-banner-title-visibility":"","ast-main-header-display":"","ast-hfb-above-header-display":"","ast-hfb-below-header-display":"","ast-hfb-mobile-header-display":"","site-post-title":"disabled","ast-breadcrumbs-content":"","ast-featured-img":"disabled","footer-sml-layout":"","theme-transparent-header-meta":"","adv-header-id-meta":"","stick-header-meta":"","header-above-stick-meta":"","header-main-stick-meta":"","header-below-stick-meta":"","astra-migrate-meta-layouts":"set","ast-page-background-enabled":"default","ast-page-background-meta":{"desktop":{"background-color":"var(--ast-global-color-4)","background-image":"","background-repeat":"repeat","background-position":"center center","background-size":"auto","background-attachment":"scroll","background-type":"","background-media":"","overlay-type":"","overlay-color":"","overlay-gradient":""},"tablet":{"background-color":"","background-image":"","background-repeat":"repeat","background-position":"center center","background-size":"auto","background-attachment":"scroll","background-type":"","background-media":"","overlay-type":"","overlay-color":"","overlay-gradient":""},"mobile":{"background-color":"","background-image":"","background-repeat":"repeat","background-position":"center center","background-size":"auto","background-attachment":"scroll","background-type":"","background-media":"","overlay-type":"","overlay-color":"","overlay-gradient":""}},"ast-content-background-meta":{"desktop":{"background-color":"var(--ast-global-color-5)","background-image":"","background-repeat":"repeat","background-position":"center center","background-size":"auto","background-attachment":"scroll","background-type":"","background-media":"","overlay-type":"","overlay-color":"","overlay-gradient":""},"tablet":{"background-color":"var(--ast-global-color-5)","background-image":"","background-repeat":"repeat","background-position":"center center","background-size":"auto","background-attachment":"scroll","background-type":"","background-media":"","overlay-type":"","overlay-color":"","overlay-gradient":""},"mobile":{"background-color":"var(--ast-global-color-5)","background-image":"","background-repeat":"repeat","background-position":"center center","background-size":"auto","background-attachment":"scroll","background-type":"","background-media":"","overlay-type":"","overlay-color":"","overlay-gradient":""}},"footnotes":""},"class_list":["post-1975","page","type-page","status-publish","hentry"],"_links":{"self":[{"href":"https:\/\/rupantorbangladesh.com\/de\/wp-json\/wp\/v2\/pages\/1975","targetHints":{"allow":["GET"]}}],"collection":[{"href":"https:\/\/rupantorbangladesh.com\/de\/wp-json\/wp\/v2\/pages"}],"about":[{"href":"https:\/\/rupantorbangladesh.com\/de\/wp-json\/wp\/v2\/types\/page"}],"author":[{"embeddable":true,"href":"https:\/\/rupantorbangladesh.com\/de\/wp-json\/wp\/v2\/users\/2"}],"replies":[{"embeddable":true,"href":"https:\/\/rupantorbangladesh.com\/de\/wp-json\/wp\/v2\/comments?post=1975"}],"version-history":[{"count":20,"href":"https:\/\/rupantorbangladesh.com\/de\/wp-json\/wp\/v2\/pages\/1975\/revisions"}],"predecessor-version":[{"id":2581,"href":"https:\/\/rupantorbangladesh.com\/de\/wp-json\/wp\/v2\/pages\/1975\/revisions\/2581"}],"wp:attachment":[{"href":"https:\/\/rupantorbangladesh.com\/de\/wp-json\/wp\/v2\/media?parent=1975"}],"curies":[{"name":"wp","href":"https:\/\/api.w.org\/{rel}","templated":true}]}}