{"id":62,"date":"2024-02-05T08:35:27","date_gmt":"2024-02-05T08:35:27","guid":{"rendered":"https:\/\/rupantorbangladesh.com\/?page_id=62"},"modified":"2024-08-18T08:54:25","modified_gmt":"2024-08-18T08:54:25","slug":"bangladesh","status":"publish","type":"page","link":"https:\/\/rupantorbangladesh.com\/de\/about\/bangladesh\/","title":{"rendered":"Bangladesch"},"content":{"rendered":"<div data-elementor-type=\"wp-page\" data-elementor-id=\"62\" class=\"elementor elementor-62\">\n\t\t\t\t<div class=\"elementor-element elementor-element-88cd24b e-flex e-con-boxed e-con e-parent\" data-id=\"88cd24b\" data-element_type=\"container\">\n\t\t\t\t\t<div class=\"e-con-inner\">\n\t\t<div class=\"elementor-element elementor-element-73e3183 e-con-full e-flex e-con e-child\" data-id=\"73e3183\" data-element_type=\"container\">\n\t\t\t\t<div class=\"elementor-element elementor-element-85157b4 elementor-widget elementor-widget-spacer\" data-id=\"85157b4\" data-element_type=\"widget\" data-widget_type=\"spacer.default\">\n\t\t\t\t<div class=\"elementor-widget-container\">\n\t\t\t\t\t\t\t<div class=\"elementor-spacer\">\n\t\t\t<div class=\"elementor-spacer-inner\"><\/div>\n\t\t<\/div>\n\t\t\t\t\t\t<\/div>\n\t\t\t\t<\/div>\n\t\t\t\t<div class=\"elementor-element elementor-element-2eb21a8 elementor-widget elementor-widget-image\" data-id=\"2eb21a8\" data-element_type=\"widget\" data-widget_type=\"image.default\">\n\t\t\t\t<div class=\"elementor-widget-container\">\n\t\t\t\t\t\t\t\t\t\t\t\t\t\t\t<img fetchpriority=\"high\" decoding=\"async\" width=\"612\" height=\"612\" src=\"https:\/\/rupantorbangladesh.com\/wp-content\/uploads\/2024\/02\/istockphoto-1182253746-612x612-1.jpg\" class=\"attachment-large size-large wp-image-1876\" alt=\"\" srcset=\"https:\/\/rupantorbangladesh.com\/wp-content\/uploads\/2024\/02\/istockphoto-1182253746-612x612-1.jpg 612w, https:\/\/rupantorbangladesh.com\/wp-content\/uploads\/2024\/02\/istockphoto-1182253746-612x612-1-300x300.jpg 300w, https:\/\/rupantorbangladesh.com\/wp-content\/uploads\/2024\/02\/istockphoto-1182253746-612x612-1-150x150.jpg 150w\" sizes=\"(max-width: 612px) 100vw, 612px\" \/>\t\t\t\t\t\t\t\t\t\t\t\t\t\t\t<\/div>\n\t\t\t\t<\/div>\n\t\t\t\t<\/div>\n\t\t<div class=\"elementor-element elementor-element-47c86f7 e-con-full e-flex e-con e-child\" data-id=\"47c86f7\" data-element_type=\"container\">\n\t\t\t\t<div class=\"elementor-element elementor-element-43c21fb elementor-widget elementor-widget-spacer\" data-id=\"43c21fb\" data-element_type=\"widget\" data-widget_type=\"spacer.default\">\n\t\t\t\t<div class=\"elementor-widget-container\">\n\t\t\t\t\t\t\t<div class=\"elementor-spacer\">\n\t\t\t<div class=\"elementor-spacer-inner\"><\/div>\n\t\t<\/div>\n\t\t\t\t\t\t<\/div>\n\t\t\t\t<\/div>\n\t\t\t\t<div class=\"elementor-element elementor-element-fe2583f elementor-widget elementor-widget-spacer\" data-id=\"fe2583f\" data-element_type=\"widget\" data-widget_type=\"spacer.default\">\n\t\t\t\t<div class=\"elementor-widget-container\">\n\t\t\t\t\t\t\t<div class=\"elementor-spacer\">\n\t\t\t<div class=\"elementor-spacer-inner\"><\/div>\n\t\t<\/div>\n\t\t\t\t\t\t<\/div>\n\t\t\t\t<\/div>\n\t\t\t\t<div class=\"elementor-element elementor-element-6f427c3 elementor-widget elementor-widget-heading\" data-id=\"6f427c3\" data-element_type=\"widget\" data-widget_type=\"heading.default\">\n\t\t\t\t<div class=\"elementor-widget-container\">\n\t\t\t\t\t<h4 class=\"elementor-heading-title elementor-size-default\">Bangladesch<\/h4>\t\t\t\t<\/div>\n\t\t\t\t<\/div>\n\t\t\t\t<div class=\"elementor-element elementor-element-b1b1ab7 elementor-widget__width-initial elementor-widget elementor-widget-text-editor\" data-id=\"b1b1ab7\" data-element_type=\"widget\" data-widget_type=\"text-editor.default\">\n\t\t\t\t<div class=\"elementor-widget-container\">\n\t\t\t\t\t\t\t\t\t<p><span style=\"color: #0d0d0d; font-family: S\u00f6hne, ui-sans-serif, system-ui, -apple-system, 'Segoe UI', Roboto, Ubuntu, Cantarell, 'Noto Sans', sans-serif, 'Helvetica Neue', Arial, 'Apple Color Emoji', 'Segoe UI Emoji', 'Segoe UI Symbol', 'Noto Color Emoji'; white-space-collapse: preserve; font-style: inherit; font-weight: inherit; background-color: var(--ast-global-color-5);\">Bangladesch ist ein dicht besiedeltes und kulturell reiches Land. Die fruchtbaren Ebenen und das Flussnetz machen eine reiche Agrarwirtschaft m\u00f6glich. Trotz Herausforderungen, wie Armut und Umweltproblemen hat Bangladesch erhebliche wirtschaftliche und soziale Fortschritte gemacht.<\/span><\/p>\t\t\t\t\t\t\t\t<\/div>\n\t\t\t\t<\/div>\n\t\t\t\t<\/div>\n\t\t\t\t\t<\/div>\n\t\t\t\t<\/div>\n\t\t<div class=\"elementor-element elementor-element-3048c01 e-flex e-con-boxed e-con e-parent\" data-id=\"3048c01\" data-element_type=\"container\">\n\t\t\t\t\t<div class=\"e-con-inner\">\n\t\t\t\t<div class=\"elementor-element elementor-element-c5d4f0b elementor-widget elementor-widget-spacer\" data-id=\"c5d4f0b\" data-element_type=\"widget\" data-widget_type=\"spacer.default\">\n\t\t\t\t<div class=\"elementor-widget-container\">\n\t\t\t\t\t\t\t<div class=\"elementor-spacer\">\n\t\t\t<div class=\"elementor-spacer-inner\"><\/div>\n\t\t<\/div>\n\t\t\t\t\t\t<\/div>\n\t\t\t\t<\/div>\n\t\t\t\t<div class=\"elementor-element elementor-element-11db2e3 elementor-widget elementor-widget-image\" data-id=\"11db2e3\" data-element_type=\"widget\" data-widget_type=\"image.default\">\n\t\t\t\t<div class=\"elementor-widget-container\">\n\t\t\t\t\t\t\t\t\t\t\t\t\t\t\t<img decoding=\"async\" width=\"1024\" height=\"683\" src=\"https:\/\/rupantorbangladesh.com\/wp-content\/uploads\/2024\/05\/IMG_5007-1024x683.jpg\" class=\"attachment-large size-large wp-image-2204\" alt=\"\" srcset=\"https:\/\/rupantorbangladesh.com\/wp-content\/uploads\/2024\/05\/IMG_5007-1024x683.jpg 1024w, https:\/\/rupantorbangladesh.com\/wp-content\/uploads\/2024\/05\/IMG_5007-300x200.jpg 300w, https:\/\/rupantorbangladesh.com\/wp-content\/uploads\/2024\/05\/IMG_5007-768x512.jpg 768w, https:\/\/rupantorbangladesh.com\/wp-content\/uploads\/2024\/05\/IMG_5007-1536x1024.jpg 1536w\" sizes=\"(max-width: 1024px) 100vw, 1024px\" \/>\t\t\t\t\t\t\t\t\t\t\t\t\t\t\t<\/div>\n\t\t\t\t<\/div>\n\t\t\t\t<div class=\"elementor-element elementor-element-f6ed4a3 elementor-widget elementor-widget-spacer\" data-id=\"f6ed4a3\" data-element_type=\"widget\" data-widget_type=\"spacer.default\">\n\t\t\t\t<div class=\"elementor-widget-container\">\n\t\t\t\t\t\t\t<div class=\"elementor-spacer\">\n\t\t\t<div class=\"elementor-spacer-inner\"><\/div>\n\t\t<\/div>\n\t\t\t\t\t\t<\/div>\n\t\t\t\t<\/div>\n\t\t\t\t<div class=\"elementor-element elementor-element-42521f5 elementor-widget elementor-widget-text-editor\" data-id=\"42521f5\" data-element_type=\"widget\" data-widget_type=\"text-editor.default\">\n\t\t\t\t<div class=\"elementor-widget-container\">\n\t\t\t\t\t\t\t\t\t<p><\/p>\n<p><span style=\"color: #0d0d0d; font-family: S\u00f6hne, ui-sans-serif, system-ui, -apple-system, 'Segoe UI', Roboto, Ubuntu, Cantarell, 'Noto Sans', sans-serif, 'Helvetica Neue', Arial, 'Apple Color Emoji', 'Segoe UI Emoji', 'Segoe UI Symbol', 'Noto Color Emoji'; white-space-collapse: preserve;\">Mit einer Bev\u00f6lkerung von \u00fcber 172 Millionen Menschen hat das Land eine betr\u00e4chtliche Anzahl von Menschen mit einer Beeintr\u00e4chtigung. Diese Menschen haben h\u00e4ufig einen limitierten oder gar keinen Zugang zu Bildung, Besch\u00e4ftigung, Gesundheitsversorgung und sozialen Diensten. <\/span><\/p>\n<p><span style=\"color: #0d0d0d; font-family: S\u00f6hne, ui-sans-serif, system-ui, -apple-system, 'Segoe UI', Roboto, Ubuntu, Cantarell, 'Noto Sans', sans-serif, 'Helvetica Neue', Arial, 'Apple Color Emoji', 'Segoe UI Emoji', 'Segoe UI Symbol', 'Noto Color Emoji'; white-space-collapse: preserve;\"><br><\/span><\/p>\n<p><span style=\"color: #0d0d0d; font-family: S\u00f6hne, ui-sans-serif, system-ui, -apple-system, 'Segoe UI', Roboto, Ubuntu, Cantarell, 'Noto Sans', sans-serif, 'Helvetica Neue', Arial, 'Apple Color Emoji', 'Segoe UI Emoji', 'Segoe UI Symbol', 'Noto Color Emoji'; white-space-collapse: preserve;\">Obwohl es Initiativen gibt, die sich einsetzten, f\u00fcr die Rechte von Menschen mit einer Beeintr\u00e4chtigung, gibt noch viel zu tun bei der Umsetzung politischer Massnahmen und bei der Schaffung eines Umfeldes, das Chancengleichheit f\u00fcr alle erm\u00f6glicht. <\/span><\/p>\t\t\t\t\t\t\t\t<\/div>\n\t\t\t\t<\/div>\n\t\t\t\t<div class=\"elementor-element elementor-element-a5b40c4 elementor-widget elementor-widget-spacer\" data-id=\"a5b40c4\" data-element_type=\"widget\" data-widget_type=\"spacer.default\">\n\t\t\t\t<div class=\"elementor-widget-container\">\n\t\t\t\t\t\t\t<div class=\"elementor-spacer\">\n\t\t\t<div class=\"elementor-spacer-inner\"><\/div>\n\t\t<\/div>\n\t\t\t\t\t\t<\/div>\n\t\t\t\t<\/div>\n\t\t\t\t<div class=\"elementor-element elementor-element-2a0ebc9 elementor-widget elementor-widget-image\" data-id=\"2a0ebc9\" data-element_type=\"widget\" data-widget_type=\"image.default\">\n\t\t\t\t<div class=\"elementor-widget-container\">\n\t\t\t\t\t\t\t\t\t\t\t\t\t\t\t<img decoding=\"async\" width=\"2048\" height=\"1365\" src=\"https:\/\/rupantorbangladesh.com\/wp-content\/uploads\/2024\/05\/Adam-Dickens-2019-LAMB-Hospital-Bangladesh-4891.jpg\" class=\"attachment-full size-full wp-image-2202\" alt=\"\" srcset=\"https:\/\/rupantorbangladesh.com\/wp-content\/uploads\/2024\/05\/Adam-Dickens-2019-LAMB-Hospital-Bangladesh-4891.jpg 2048w, https:\/\/rupantorbangladesh.com\/wp-content\/uploads\/2024\/05\/Adam-Dickens-2019-LAMB-Hospital-Bangladesh-4891-300x200.jpg 300w, https:\/\/rupantorbangladesh.com\/wp-content\/uploads\/2024\/05\/Adam-Dickens-2019-LAMB-Hospital-Bangladesh-4891-1024x683.jpg 1024w, https:\/\/rupantorbangladesh.com\/wp-content\/uploads\/2024\/05\/Adam-Dickens-2019-LAMB-Hospital-Bangladesh-4891-768x512.jpg 768w, https:\/\/rupantorbangladesh.com\/wp-content\/uploads\/2024\/05\/Adam-Dickens-2019-LAMB-Hospital-Bangladesh-4891-1536x1024.jpg 1536w\" sizes=\"(max-width: 2048px) 100vw, 2048px\" \/>\t\t\t\t\t\t\t\t\t\t\t\t\t\t\t<\/div>\n\t\t\t\t<\/div>\n\t\t\t\t<div class=\"elementor-element elementor-element-5977476 elementor-widget elementor-widget-spacer\" data-id=\"5977476\" data-element_type=\"widget\" data-widget_type=\"spacer.default\">\n\t\t\t\t<div class=\"elementor-widget-container\">\n\t\t\t\t\t\t\t<div class=\"elementor-spacer\">\n\t\t\t<div class=\"elementor-spacer-inner\"><\/div>\n\t\t<\/div>\n\t\t\t\t\t\t<\/div>\n\t\t\t\t<\/div>\n\t\t\t\t\t<\/div>\n\t\t\t\t<\/div>\n\t\t\t\t<\/div>","protected":false},"excerpt":{"rendered":"<p>Bangladesh Bangladesh is a densely populated and culturally rich country characterized by its diverse landscapes, vibrant traditions, and a history deeply rooted in the struggle for independence. The country is marked by the Ganges-Brahmaputra Delta, offering fertile plains and a network of rivers that sustain its agricultural economy. Despite facing challenges such as poverty and [&hellip;]<\/p>","protected":false},"author":2,"featured_media":0,"parent":14,"menu_order":0,"comment_status":"closed","ping_status":"closed","template":"","meta":{"site-sidebar-layout":"no-sidebar","site-content-layout":"page-builder","ast-site-content-layout":"full-width-container","site-content-style":"default","site-sidebar-style":"default","ast-global-header-display":"","ast-banner-title-visibility":"","ast-main-header-display":"","ast-hfb-above-header-display":"","ast-hfb-below-header-display":"","ast-hfb-mobile-header-display":"","site-post-title":"disabled","ast-breadcrumbs-content":"","ast-featured-img":"disabled","footer-sml-layout":"","theme-transparent-header-meta":"","adv-header-id-meta":"","stick-header-meta":"","header-above-stick-meta":"","header-main-stick-meta":"","header-below-stick-meta":"","astra-migrate-meta-layouts":"default","ast-page-background-enabled":"default","ast-page-background-meta":{"desktop":{"background-color":"var(--ast-global-color-4)","background-image":"","background-repeat":"repeat","background-position":"center center","background-size":"auto","background-attachment":"scroll","background-type":"","background-media":"","overlay-type":"","overlay-color":"","overlay-gradient":""},"tablet":{"background-color":"","background-image":"","background-repeat":"repeat","background-position":"center center","background-size":"auto","background-attachment":"scroll","background-type":"","background-media":"","overlay-type":"","overlay-color":"","overlay-gradient":""},"mobile":{"background-color":"","background-image":"","background-repeat":"repeat","background-position":"center center","background-size":"auto","background-attachment":"scroll","background-type":"","background-media":"","overlay-type":"","overlay-color":"","overlay-gradient":""}},"ast-content-background-meta":{"desktop":{"background-color":"var(--ast-global-color-5)","background-image":"","background-repeat":"repeat","background-position":"center center","background-size":"auto","background-attachment":"scroll","background-type":"","background-media":"","overlay-type":"","overlay-color":"","overlay-gradient":""},"tablet":{"background-color":"var(--ast-global-color-5)","background-image":"","background-repeat":"repeat","background-position":"center center","background-size":"auto","background-attachment":"scroll","background-type":"","background-media":"","overlay-type":"","overlay-color":"","overlay-gradient":""},"mobile":{"background-color":"var(--ast-global-color-5)","background-image":"","background-repeat":"repeat","background-position":"center center","background-size":"auto","background-attachment":"scroll","background-type":"","background-media":"","overlay-type":"","overlay-color":"","overlay-gradient":""}},"footnotes":""},"class_list":["post-62","page","type-page","status-publish","hentry"],"_links":{"self":[{"href":"https:\/\/rupantorbangladesh.com\/de\/wp-json\/wp\/v2\/pages\/62","targetHints":{"allow":["GET"]}}],"collection":[{"href":"https:\/\/rupantorbangladesh.com\/de\/wp-json\/wp\/v2\/pages"}],"about":[{"href":"https:\/\/rupantorbangladesh.com\/de\/wp-json\/wp\/v2\/types\/page"}],"author":[{"embeddable":true,"href":"https:\/\/rupantorbangladesh.com\/de\/wp-json\/wp\/v2\/users\/2"}],"replies":[{"embeddable":true,"href":"https:\/\/rupantorbangladesh.com\/de\/wp-json\/wp\/v2\/comments?post=62"}],"version-history":[{"count":20,"href":"https:\/\/rupantorbangladesh.com\/de\/wp-json\/wp\/v2\/pages\/62\/revisions"}],"predecessor-version":[{"id":2529,"href":"https:\/\/rupantorbangladesh.com\/de\/wp-json\/wp\/v2\/pages\/62\/revisions\/2529"}],"up":[{"embeddable":true,"href":"https:\/\/rupantorbangladesh.com\/de\/wp-json\/wp\/v2\/pages\/14"}],"wp:attachment":[{"href":"https:\/\/rupantorbangladesh.com\/de\/wp-json\/wp\/v2\/media?parent=62"}],"curies":[{"name":"wp","href":"https:\/\/api.w.org\/{rel}","templated":true}]}}