{"id":78,"date":"2024-02-12T07:22:11","date_gmt":"2024-02-12T07:22:11","guid":{"rendered":"https:\/\/rupantorbangladesh.com\/?page_id=78"},"modified":"2025-11-09T09:43:38","modified_gmt":"2025-11-09T09:43:38","slug":"our-story","status":"publish","type":"page","link":"https:\/\/rupantorbangladesh.com\/de\/stories\/our-story\/","title":{"rendered":"Unsere Geschichten"},"content":{"rendered":"<div data-elementor-type=\"wp-page\" data-elementor-id=\"78\" class=\"elementor elementor-78\">\n\t\t\t\t<div class=\"elementor-element elementor-element-e634b0a e-flex e-con-boxed e-con e-parent\" data-id=\"e634b0a\" data-element_type=\"container\">\n\t\t\t\t\t<div class=\"e-con-inner\">\n\t\t\t\t<div class=\"elementor-element elementor-element-fdd1d38 elementor-widget elementor-widget-spacer\" data-id=\"fdd1d38\" data-element_type=\"widget\" data-widget_type=\"spacer.default\">\n\t\t\t\t<div class=\"elementor-widget-container\">\n\t\t\t\t\t\t\t<div class=\"elementor-spacer\">\n\t\t\t<div class=\"elementor-spacer-inner\"><\/div>\n\t\t<\/div>\n\t\t\t\t\t\t<\/div>\n\t\t\t\t<\/div>\n\t\t\t\t<div class=\"elementor-element elementor-element-ff4c75f elementor-widget elementor-widget-heading\" data-id=\"ff4c75f\" data-element_type=\"widget\" data-widget_type=\"heading.default\">\n\t\t\t\t<div class=\"elementor-widget-container\">\n\t\t\t\t\t<h2 class=\"elementor-heading-title elementor-size-default\">Unsere Geschichten<\/h2>\t\t\t\t<\/div>\n\t\t\t\t<\/div>\n\t\t\t\t<div class=\"elementor-element elementor-element-be43499 elementor-widget elementor-widget-spacer\" data-id=\"be43499\" data-element_type=\"widget\" data-widget_type=\"spacer.default\">\n\t\t\t\t<div class=\"elementor-widget-container\">\n\t\t\t\t\t\t\t<div class=\"elementor-spacer\">\n\t\t\t<div class=\"elementor-spacer-inner\"><\/div>\n\t\t<\/div>\n\t\t\t\t\t\t<\/div>\n\t\t\t\t<\/div>\n\t\t\t\t<div class=\"elementor-element elementor-element-e73be7c elementor-widget-divider--view-line elementor-widget elementor-widget-divider\" data-id=\"e73be7c\" data-element_type=\"widget\" data-widget_type=\"divider.default\">\n\t\t\t\t<div class=\"elementor-widget-container\">\n\t\t\t\t\t\t\t<div class=\"elementor-divider\">\n\t\t\t<span class=\"elementor-divider-separator\">\n\t\t\t\t\t\t<\/span>\n\t\t<\/div>\n\t\t\t\t\t\t<\/div>\n\t\t\t\t<\/div>\n\t\t\t\t<div class=\"elementor-element elementor-element-d6e6b3a elementor-widget elementor-widget-text-editor\" data-id=\"d6e6b3a\" data-element_type=\"widget\" data-widget_type=\"text-editor.default\">\n\t\t\t\t<div class=\"elementor-widget-container\">\n\t\t\t\t\t\t\t\t\t<p class=\"translation-block\">Unser Projekt startete in 2010 mit 8 Personen. Eine zweite Gruppe mit 7 Personen stiess 2012 dazu. Unser urspr\u00fcnglicher Idee war, dass sich unsere Klienten  nach zwei Jahren Ausbildung selbst\u00e4ndig machen k\u00f6nnten. Nach einer 6 Monatigen Evaluation ergab sich, dass sie ihre erworbenen F\u00e4higkeiten nicht in der Praxis umsetzten konnten.<\/p><p>Die meisten unserer MitarbeiterInnen mit einer Beeintr\u00e4chtigung wurden schon als Kinder im LAMB-Rehabilitationszentrum behandelt. Mit zunehmendem Alter gab es f\u00fcr sie keine Besch\u00e4ftigungsm\u00f6glichkeiten mehr, und kein wertsch\u00e4tzendes und unterst\u00fctzendes Umfeld, wo jeder seine St\u00e4rken einbringen konnte und sich als wichtigen Teil der Gemeinschaft f\u00fchlten durfte. Dieser Mangel machten es notwendig, das Rehabilitationsprogramm auf Erwachsene auszuweiten.<\/p><p><b>Currently<\/b>, 25 participants receive on-the-job training and supervision. Our working hours are from 9 am to 4 pm and participants work twice a week on allocated days. The group is separated into male\/female groups and different ability groups. A basic cash payment and lunch are given. There are daily group meetings and regular meetings with parents.<\/p><p><!-- notionvc: 63a956f0-3d01-494b-b9b1-830ae26dc0a3 --><\/p><p class=\"translation-block\">Unser Ziel ist es, finanziell nachhaltiger zu werden und unser Projekt auszubauen. Wir m\u00f6chten Eltern st\u00e4rker in die Entscheidungsprozesse miteinbeziehen und ihr Bewusstsein und Wissen \u00fcber Menschen mit einer Beeintr\u00e4chtigung f\u00f6rdern. In Selbsthilfegruppen sollen sie sich gegenseitig unterst\u00fctzen und diskutieren, wie sich f\u00fcr die Rechte von Menschen mit einer Behinderung einzusetzen k\u00f6nnen. \n\nUnser langfristiges Ziel ist, betreutes Wohnen in Wohngemeinschaften f\u00fcr drei bis vier beeintr\u00e4chtigte Menschen anzubieten. In diesen Wohngruppen k\u00f6nnen sie, mit der Unterst\u00fctzung erfahrenen und qualifizierten Betreuern, ein unabh\u00e4ngiges Leben genie\u00dfen.<\/p>\t\t\t\t\t\t\t\t<\/div>\n\t\t\t\t<\/div>\n\t\t\t\t<div class=\"elementor-element elementor-element-e966abb elementor-widget elementor-widget-spacer\" data-id=\"e966abb\" data-element_type=\"widget\" data-widget_type=\"spacer.default\">\n\t\t\t\t<div class=\"elementor-widget-container\">\n\t\t\t\t\t\t\t<div class=\"elementor-spacer\">\n\t\t\t<div class=\"elementor-spacer-inner\"><\/div>\n\t\t<\/div>\n\t\t\t\t\t\t<\/div>\n\t\t\t\t<\/div>\n\t\t\t\t\t<\/div>\n\t\t\t\t<\/div>\n\t\t\t\t<\/div>","protected":false},"excerpt":{"rendered":"<p>Our Story The project was started in 2010 with 8 participants. A second group joined in 2012 with 7 new participants. The initial aim was for the group to be able to work independently after two years but at the six month review it was obvious that participants were unable to apply their skills within [&hellip;]<\/p>","protected":false},"author":2,"featured_media":0,"parent":16,"menu_order":0,"comment_status":"closed","ping_status":"closed","template":"","meta":{"site-sidebar-layout":"no-sidebar","site-content-layout":"page-builder","ast-site-content-layout":"full-width-container","site-content-style":"default","site-sidebar-style":"default","ast-global-header-display":"","ast-banner-title-visibility":"","ast-main-header-display":"","ast-hfb-above-header-display":"","ast-hfb-below-header-display":"","ast-hfb-mobile-header-display":"","site-post-title":"disabled","ast-breadcrumbs-content":"","ast-featured-img":"disabled","footer-sml-layout":"","theme-transparent-header-meta":"","adv-header-id-meta":"","stick-header-meta":"","header-above-stick-meta":"","header-main-stick-meta":"","header-below-stick-meta":"","astra-migrate-meta-layouts":"default","ast-page-background-enabled":"default","ast-page-background-meta":{"desktop":{"background-color":"var(--ast-global-color-4)","background-image":"","background-repeat":"repeat","background-position":"center center","background-size":"auto","background-attachment":"scroll","background-type":"","background-media":"","overlay-type":"","overlay-color":"","overlay-gradient":""},"tablet":{"background-color":"","background-image":"","background-repeat":"repeat","background-position":"center center","background-size":"auto","background-attachment":"scroll","background-type":"","background-media":"","overlay-type":"","overlay-color":"","overlay-gradient":""},"mobile":{"background-color":"","background-image":"","background-repeat":"repeat","background-position":"center center","background-size":"auto","background-attachment":"scroll","background-type":"","background-media":"","overlay-type":"","overlay-color":"","overlay-gradient":""}},"ast-content-background-meta":{"desktop":{"background-color":"var(--ast-global-color-5)","background-image":"","background-repeat":"repeat","background-position":"center center","background-size":"auto","background-attachment":"scroll","background-type":"","background-media":"","overlay-type":"","overlay-color":"","overlay-gradient":""},"tablet":{"background-color":"var(--ast-global-color-5)","background-image":"","background-repeat":"repeat","background-position":"center center","background-size":"auto","background-attachment":"scroll","background-type":"","background-media":"","overlay-type":"","overlay-color":"","overlay-gradient":""},"mobile":{"background-color":"var(--ast-global-color-5)","background-image":"","background-repeat":"repeat","background-position":"center center","background-size":"auto","background-attachment":"scroll","background-type":"","background-media":"","overlay-type":"","overlay-color":"","overlay-gradient":""}},"footnotes":""},"class_list":["post-78","page","type-page","status-publish","hentry"],"_links":{"self":[{"href":"https:\/\/rupantorbangladesh.com\/de\/wp-json\/wp\/v2\/pages\/78","targetHints":{"allow":["GET"]}}],"collection":[{"href":"https:\/\/rupantorbangladesh.com\/de\/wp-json\/wp\/v2\/pages"}],"about":[{"href":"https:\/\/rupantorbangladesh.com\/de\/wp-json\/wp\/v2\/types\/page"}],"author":[{"embeddable":true,"href":"https:\/\/rupantorbangladesh.com\/de\/wp-json\/wp\/v2\/users\/2"}],"replies":[{"embeddable":true,"href":"https:\/\/rupantorbangladesh.com\/de\/wp-json\/wp\/v2\/comments?post=78"}],"version-history":[{"count":20,"href":"https:\/\/rupantorbangladesh.com\/de\/wp-json\/wp\/v2\/pages\/78\/revisions"}],"predecessor-version":[{"id":2807,"href":"https:\/\/rupantorbangladesh.com\/de\/wp-json\/wp\/v2\/pages\/78\/revisions\/2807"}],"up":[{"embeddable":true,"href":"https:\/\/rupantorbangladesh.com\/de\/wp-json\/wp\/v2\/pages\/16"}],"wp:attachment":[{"href":"https:\/\/rupantorbangladesh.com\/de\/wp-json\/wp\/v2\/media?parent=78"}],"curies":[{"name":"wp","href":"https:\/\/api.w.org\/{rel}","templated":true}]}}